{"id":10928,"date":"2023-09-14T09:05:03","date_gmt":"2023-09-14T09:05:03","guid":{"rendered":"https:\/\/wingfoiltips.com\/anade-tu-spot\/"},"modified":"2024-04-25T11:49:42","modified_gmt":"2024-04-25T11:49:42","slug":"comparte-tu-spot","status":"publish","type":"page","link":"https:\/\/wingfoiltips.com\/es\/comparte-tu-spot\/","title":{"rendered":"A\u00f1adir spot"},"content":{"rendered":"\n<h2 class=\"wp-block-heading\" id=\"h-anade-un-spot-al-spotfinder\">A\u00f1ade un spot al spotfinder!<\/h2>\n\n\n\n<p>A\u00f1ade tu spot de wingfoil con otros y dales la oportunidad de disfrutarlo tambi\u00e9n! Otros riders tambi\u00e9n comparten sus spots, haciendo que esta sea la mejor gu\u00eda de wingfoil del mundo. Navega en cualquier lugar, haciendo uso del conocimiento que tenemos entre todos!<\/p>\n\n\n\n<p><strong><em>A\u00f1adir un spot de wingfoil es gratis!<\/em><\/strong><\/p>\n\n\n\n<p>Tambi\u00e9n puedes a\u00f1adir un <strong><a href=\"https:\/\/wingfoiltips.com\/es\/comparte-tu-spot\/?package_id=2\">ficha profesional<\/a><\/strong> como una escuela de wingfoil, un servicio de reparaci\u00f3n de material, una tienda de surf o un camping. Para los listings profesionales pedimos una peque\u00f1a aportaci\u00f3n de 249\u20ac \/ a\u00f1o para ayudar a mantener el coste de funcionamiento y mejora del sitio web. \u00a1Son s\u00f3lo 20,75 euros al mes! Ver <a href=\"https:\/\/wingfoiltips.com\/es\/buscador\/profesionales\/\">ventajas para profesionales<\/a>.<\/p>\n\n\n\n<div style=\"height:100px\" aria-hidden=\"true\" class=\"wp-block-spacer\"><\/div>\n\n\n\n<div class=\"wp-block-geodirectory-geodir-widget-notifications\"><\/div>\n\n\n\n<div class=\"wp-block-geodirectory-geodir-widget-add-listing\"><div class=\"geodir-add-listing bsui sdel-cf580c89\" ><div class=\"alert alert-danger \" role=\"alert\" ><i class=\"fas fa-exclamation-circle\"><\/i> User registration is disabled, please login to continue.<\/div><\/div><\/div>\n\n\n\n<div style=\"height:100px\" aria-hidden=\"true\" class=\"wp-block-spacer\"><\/div>\n","protected":false},"excerpt":{"rendered":"<p>A\u00f1ade un spot al spotfinder! A\u00f1ade tu spot de wingfoil con otros y dales la oportunidad de disfrutarlo tambi\u00e9n! Otros riders tambi\u00e9n comparten sus spots, haciendo que esta sea la mejor gu\u00eda de wingfoil del mundo. Navega en cualquier lugar, haciendo uso del conocimiento que tenemos entre todos! A\u00f1adir un spot de wingfoil es gratis! [&hellip;]<\/p>\n","protected":false},"author":1,"featured_media":0,"parent":0,"menu_order":0,"comment_status":"closed","ping_status":"closed","template":"","meta":{"footnotes":""},"class_list":["post-10928","page","type-page","status-publish","hentry"],"yoast_head":"<!-- This site is optimized with the Yoast SEO Premium plugin v23.9 (Yoast SEO v27.4) - https:\/\/yoast.com\/product\/yoast-seo-premium-wordpress\/ -->\n<title>Puntos Wingfoil: A\u00f1ade un spot wingfoil y comp\u00e1rtelo con los dem\u00e1s<\/title>\n<meta name=\"description\" content=\"Aqu\u00ed puedes a\u00f1adir los mejores spots wingfoil de todo el planeta. Por wingfoilers, para wingfoilers. Colabora a\u00f1adiendo un spot wingfoil y comp\u00e1rt\" \/>\n<meta name=\"robots\" content=\"index, follow, max-snippet:-1, max-image-preview:large, max-video-preview:-1\" \/>\n<link rel=\"canonical\" href=\"https:\/\/wingfoiltips.com\/es\/comparte-tu-spot\/\" \/>\n<meta property=\"og:locale\" content=\"es_ES\" \/>\n<meta property=\"og:type\" content=\"article\" \/>\n<meta property=\"og:title\" content=\"A\u00f1adir spot\" \/>\n<meta property=\"og:description\" content=\"Aqu\u00ed puedes a\u00f1adir los mejores spots wingfoil de todo el planeta. Por wingfoilers, para wingfoilers. Colabora a\u00f1adiendo un spot wingfoil y comp\u00e1rt\" \/>\n<meta property=\"og:url\" content=\"https:\/\/wingfoiltips.com\/es\/comparte-tu-spot\/\" \/>\n<meta property=\"og:site_name\" content=\"Wingfoil tips\" \/>\n<meta property=\"article:modified_time\" content=\"2024-04-25T11:49:42+00:00\" \/>\n<meta property=\"og:image\" content=\"https:\/\/wingfoiltips.com\/wp-content\/uploads\/2023\/09\/wing-foil-tips-1.jpg\" \/>\n\t<meta property=\"og:image:width\" content=\"1200\" \/>\n\t<meta property=\"og:image:height\" content=\"675\" \/>\n\t<meta property=\"og:image:type\" content=\"image\/jpeg\" \/>\n<meta name=\"twitter:card\" content=\"summary_large_image\" \/>\n<meta name=\"twitter:label1\" content=\"Tiempo de lectura\" \/>\n\t<meta name=\"twitter:data1\" content=\"1 minuto\" \/>\n<script type=\"application\/ld+json\" class=\"yoast-schema-graph\">{\"@context\":\"https:\\\/\\\/schema.org\",\"@graph\":[{\"@type\":\"WebPage\",\"@id\":\"https:\\\/\\\/wingfoiltips.com\\\/es\\\/comparte-tu-spot\\\/\",\"url\":\"https:\\\/\\\/wingfoiltips.com\\\/es\\\/comparte-tu-spot\\\/\",\"name\":\"Puntos Wingfoil: A\u00f1ade un spot wingfoil y comp\u00e1rtelo con los dem\u00e1s\",\"isPartOf\":{\"@id\":\"https:\\\/\\\/wingfoiltips.com\\\/nl\\\/#website\"},\"datePublished\":\"2023-09-14T09:05:03+00:00\",\"dateModified\":\"2024-04-25T11:49:42+00:00\",\"description\":\"Aqu\u00ed puedes a\u00f1adir los mejores spots wingfoil de todo el planeta. Por wingfoilers, para wingfoilers. Colabora a\u00f1adiendo un spot wingfoil y comp\u00e1rtelo con los dem\u00e1s.\",\"breadcrumb\":{\"@id\":\"https:\\\/\\\/wingfoiltips.com\\\/es\\\/comparte-tu-spot\\\/#breadcrumb\"},\"inLanguage\":\"es\",\"potentialAction\":[{\"@type\":\"ReadAction\",\"target\":[\"https:\\\/\\\/wingfoiltips.com\\\/es\\\/comparte-tu-spot\\\/\"]}]},{\"@type\":\"BreadcrumbList\",\"@id\":\"https:\\\/\\\/wingfoiltips.com\\\/es\\\/comparte-tu-spot\\\/#breadcrumb\",\"itemListElement\":[{\"@type\":\"ListItem\",\"position\":1,\"name\":\"Home\",\"item\":\"https:\\\/\\\/wingfoiltips.com\\\/es\\\/\"},{\"@type\":\"ListItem\",\"position\":2,\"name\":\"A\u00f1adir spot\"}]},{\"@type\":\"WebSite\",\"@id\":\"https:\\\/\\\/wingfoiltips.com\\\/nl\\\/#website\",\"url\":\"https:\\\/\\\/wingfoiltips.com\\\/nl\\\/\",\"name\":\"wingfoiltips.com\",\"description\":\"Consejos sobre wing foil a tus manos!\",\"publisher\":{\"@id\":\"https:\\\/\\\/wingfoiltips.com\\\/nl\\\/#organization\"},\"alternateName\":\"wingfoiltips\",\"potentialAction\":[{\"@type\":\"SearchAction\",\"target\":{\"@type\":\"EntryPoint\",\"urlTemplate\":\"https:\\\/\\\/wingfoiltips.com\\\/nl\\\/?s={search_term_string}\"},\"query-input\":{\"@type\":\"PropertyValueSpecification\",\"valueRequired\":true,\"valueName\":\"search_term_string\"}}],\"inLanguage\":\"es\"},{\"@type\":\"Organization\",\"@id\":\"https:\\\/\\\/wingfoiltips.com\\\/nl\\\/#organization\",\"name\":\"Wingfoiltips.com - Wingfoil tips at your fingertips\",\"alternateName\":\"wingfoiltips.com\",\"url\":\"https:\\\/\\\/wingfoiltips.com\\\/nl\\\/\",\"logo\":{\"@type\":\"ImageObject\",\"inLanguage\":\"es\",\"@id\":\"https:\\\/\\\/wingfoiltips.com\\\/nl\\\/#\\\/schema\\\/logo\\\/image\\\/\",\"url\":\"https:\\\/\\\/wingfoiltips.com\\\/wp-content\\\/uploads\\\/2023\\\/07\\\/Logo-1.jpg\",\"contentUrl\":\"https:\\\/\\\/wingfoiltips.com\\\/wp-content\\\/uploads\\\/2023\\\/07\\\/Logo-1.jpg\",\"width\":160,\"height\":160,\"caption\":\"Wingfoiltips.com - Wingfoil tips at your fingertips\"},\"image\":{\"@id\":\"https:\\\/\\\/wingfoiltips.com\\\/nl\\\/#\\\/schema\\\/logo\\\/image\\\/\"},\"sameAs\":[\"https:\\\/\\\/www.youtube.com\\\/@Wingfoiltips\"]}]}<\/script>\n<!-- \/ Yoast SEO Premium plugin. -->","yoast_head_json":{"title":"Puntos Wingfoil: A\u00f1ade un spot wingfoil y comp\u00e1rtelo con los dem\u00e1s","description":"Aqu\u00ed puedes a\u00f1adir los mejores spots wingfoil de todo el planeta. Por wingfoilers, para wingfoilers. Colabora a\u00f1adiendo un spot wingfoil y comp\u00e1rt","robots":{"index":"index","follow":"follow","max-snippet":"max-snippet:-1","max-image-preview":"max-image-preview:large","max-video-preview":"max-video-preview:-1"},"canonical":"https:\/\/wingfoiltips.com\/es\/comparte-tu-spot\/","og_locale":"es_ES","og_type":"article","og_title":"A\u00f1adir spot","og_description":"Aqu\u00ed puedes a\u00f1adir los mejores spots wingfoil de todo el planeta. Por wingfoilers, para wingfoilers. Colabora a\u00f1adiendo un spot wingfoil y comp\u00e1rt","og_url":"https:\/\/wingfoiltips.com\/es\/comparte-tu-spot\/","og_site_name":"Wingfoil tips","article_modified_time":"2024-04-25T11:49:42+00:00","og_image":[{"width":1200,"height":675,"url":"https:\/\/wingfoiltips.com\/wp-content\/uploads\/2023\/09\/wing-foil-tips-1.jpg","type":"image\/jpeg"}],"twitter_card":"summary_large_image","twitter_misc":{"Tiempo de lectura":"1 minuto"},"schema":{"@context":"https:\/\/schema.org","@graph":[{"@type":"WebPage","@id":"https:\/\/wingfoiltips.com\/es\/comparte-tu-spot\/","url":"https:\/\/wingfoiltips.com\/es\/comparte-tu-spot\/","name":"Puntos Wingfoil: A\u00f1ade un spot wingfoil y comp\u00e1rtelo con los dem\u00e1s","isPartOf":{"@id":"https:\/\/wingfoiltips.com\/nl\/#website"},"datePublished":"2023-09-14T09:05:03+00:00","dateModified":"2024-04-25T11:49:42+00:00","description":"Aqu\u00ed puedes a\u00f1adir los mejores spots wingfoil de todo el planeta. Por wingfoilers, para wingfoilers. Colabora a\u00f1adiendo un spot wingfoil y comp\u00e1rtelo con los dem\u00e1s.","breadcrumb":{"@id":"https:\/\/wingfoiltips.com\/es\/comparte-tu-spot\/#breadcrumb"},"inLanguage":"es","potentialAction":[{"@type":"ReadAction","target":["https:\/\/wingfoiltips.com\/es\/comparte-tu-spot\/"]}]},{"@type":"BreadcrumbList","@id":"https:\/\/wingfoiltips.com\/es\/comparte-tu-spot\/#breadcrumb","itemListElement":[{"@type":"ListItem","position":1,"name":"Home","item":"https:\/\/wingfoiltips.com\/es\/"},{"@type":"ListItem","position":2,"name":"A\u00f1adir spot"}]},{"@type":"WebSite","@id":"https:\/\/wingfoiltips.com\/nl\/#website","url":"https:\/\/wingfoiltips.com\/nl\/","name":"wingfoiltips.com","description":"Consejos sobre wing foil a tus manos!","publisher":{"@id":"https:\/\/wingfoiltips.com\/nl\/#organization"},"alternateName":"wingfoiltips","potentialAction":[{"@type":"SearchAction","target":{"@type":"EntryPoint","urlTemplate":"https:\/\/wingfoiltips.com\/nl\/?s={search_term_string}"},"query-input":{"@type":"PropertyValueSpecification","valueRequired":true,"valueName":"search_term_string"}}],"inLanguage":"es"},{"@type":"Organization","@id":"https:\/\/wingfoiltips.com\/nl\/#organization","name":"Wingfoiltips.com - Wingfoil tips at your fingertips","alternateName":"wingfoiltips.com","url":"https:\/\/wingfoiltips.com\/nl\/","logo":{"@type":"ImageObject","inLanguage":"es","@id":"https:\/\/wingfoiltips.com\/nl\/#\/schema\/logo\/image\/","url":"https:\/\/wingfoiltips.com\/wp-content\/uploads\/2023\/07\/Logo-1.jpg","contentUrl":"https:\/\/wingfoiltips.com\/wp-content\/uploads\/2023\/07\/Logo-1.jpg","width":160,"height":160,"caption":"Wingfoiltips.com - Wingfoil tips at your fingertips"},"image":{"@id":"https:\/\/wingfoiltips.com\/nl\/#\/schema\/logo\/image\/"},"sameAs":["https:\/\/www.youtube.com\/@Wingfoiltips"]}]}},"_links":{"self":[{"href":"https:\/\/wingfoiltips.com\/es\/wp-json\/wp\/v2\/pages\/10928","targetHints":{"allow":["GET"]}}],"collection":[{"href":"https:\/\/wingfoiltips.com\/es\/wp-json\/wp\/v2\/pages"}],"about":[{"href":"https:\/\/wingfoiltips.com\/es\/wp-json\/wp\/v2\/types\/page"}],"author":[{"embeddable":true,"href":"https:\/\/wingfoiltips.com\/es\/wp-json\/wp\/v2\/users\/1"}],"replies":[{"embeddable":true,"href":"https:\/\/wingfoiltips.com\/es\/wp-json\/wp\/v2\/comments?post=10928"}],"version-history":[{"count":0,"href":"https:\/\/wingfoiltips.com\/es\/wp-json\/wp\/v2\/pages\/10928\/revisions"}],"wp:attachment":[{"href":"https:\/\/wingfoiltips.com\/es\/wp-json\/wp\/v2\/media?parent=10928"}],"curies":[{"name":"wp","href":"https:\/\/api.w.org\/{rel}","templated":true}]}}