{"id":10685,"date":"2023-10-09T07:37:53","date_gmt":"2023-10-09T07:37:53","guid":{"rendered":"https:\/\/wingfoiltips.com\/material\/guia-de-footstraps-wingfoil\/"},"modified":"2024-04-16T15:43:36","modified_gmt":"2024-04-16T15:43:36","slug":"guia-de-footstraps-wingfoil","status":"publish","type":"page","link":"https:\/\/wingfoiltips.com\/es\/material\/guia-de-footstraps-wingfoil\/","title":{"rendered":"Gu\u00eda de footstraps Wingfoil"},"content":{"rendered":"\n<p>Cuando te sumerjas en el mundo del wingfoil, una de las decisiones a las que te enfrentar\u00e1s es si utilizar o no los footstraps de wingfoil. Aunque la decisi\u00f3n es muy individual, comprender los pros y los contras puede guiarte a tomar una decisi\u00f3n informada. Los footstraps son fijaciones ajustables sujetas a la tabla de wingfoil en las que el rider puede deslizar los pies. Estas correas proporcionan un punto de conexi\u00f3n entre el wingfoiler y la tabla, muy parecido a las fijaciones en el snowboard.<\/p>\n\n<p>Cuando se trata de hacer wingfoil, la elecci\u00f3n del material puede afectar significativamente a tu experiencia en el agua. Una de esas decisiones es si usar los footstraps. Esta gu\u00eda de footstraps wingfoil pretende arrojar luz sobre este tema, ayudando tanto a los principiantes como a los pilotos experimentados a tomar una decisi\u00f3n informada.<\/p>\n\n<div style=\"height:100px\" aria-hidden=\"true\" class=\"wp-block-spacer\"><\/div>\n\n<h2 class=\"wp-block-heading\" id=\"h-foot-straps-and-wingfoil-in-short\">Foot straps y wingfoil: en resumen<\/h2>\n\n<p>La decisi\u00f3n de utilizar footstraps de wingfoil se reduce a las preferencias personales, el estilo de pilotaje y las condiciones en las que sueles montar. A los principiantes les puede resultar m\u00e1s f\u00e1cil aprender sin footstraps para ajustar libremente la posici\u00f3n del pie. A medida que progresan, pueden decidir si los footstraps se ajustan a sus objetivos a la hora de volar.<\/p>\n\n<p>Para los indecisos, algunas tablas ofrecen opciones de footstraps ajustables, lo que permite a los riders experimentar y determinar qu\u00e9 les sienta mejor. Como ocurre con muchos aspectos del wingfoil, la clave est\u00e1 en encontrar lo que mejor se adapte a ti y te garantice una experiencia segura y agradable en el agua.<\/p>\n\n<div style=\"height:100px\" aria-hidden=\"true\" class=\"wp-block-spacer\"><\/div>\n\n<figure class=\"wp-block-image size-large\"><img decoding=\"async\" width=\"1024\" height=\"325\" src=\"https:\/\/wingfoiltips.com\/wp-content\/uploads\/2023\/10\/wingfoil-footstraps-1024x325.jpg\" alt=\"Footstraps Wingfoil\" class=\"wp-image-7988\" srcset=\"https:\/\/wingfoiltips.com\/wp-content\/uploads\/2023\/10\/wingfoil-footstraps-1024x325.jpg 1024w, https:\/\/wingfoiltips.com\/wp-content\/uploads\/2023\/10\/wingfoil-footstraps-300x95.jpg 300w, https:\/\/wingfoiltips.com\/wp-content\/uploads\/2023\/10\/wingfoil-footstraps-768x244.jpg 768w, https:\/\/wingfoiltips.com\/wp-content\/uploads\/2023\/10\/wingfoil-footstraps-1536x487.jpg 1536w, https:\/\/wingfoiltips.com\/wp-content\/uploads\/2023\/10\/wingfoil-footstraps.jpg 1728w\" sizes=\"(max-width: 1024px) 100vw, 1024px\" \/><figcaption class=\"wp-element-caption\"><em>Los footstraps los utilizan sobre todo los wingfoilers experimentados y los que hacen saltos.<\/em><\/figcaption><\/figure>\n\n<div style=\"height:100px\" aria-hidden=\"true\" class=\"wp-block-spacer\"><\/div>\n\n<h3 class=\"wp-block-heading\" id=\"h-reasons-to-use-foot-straps\">Razones para utilizar footstraps<\/h3>\n\n<ol class=\"wp-block-list\">\n<li>Mejor <strong>control<\/strong>: Los footstraps de wingfoil ofrecen un mejor control sobre la tabla, especialmente en condiciones de choppy o al realizar maniobras a alta velocidad.<\/li>\n\n\n\n<li><strong>Maniobras mejoradas<\/strong>: Para los wingfoilers que buscan realizar saltos, giros y otros trucos a\u00e9reos, los footstraps proporcionan el agarre necesario para mantener la tabla sujeta a los pies.<\/li>\n\n\n\n<li><strong>Seguridad con vientos<\/strong> fuertes: En condiciones de viento racheado, los footstraps pueden ayudar a mantener la tabla debajo del rider, evitando que se suelte en caso de ca\u00edda o r\u00e1fagas repentinas.<\/li>\n\n\n\n<li><strong>Mejor posici\u00f3n de los pies<\/strong>: Los footstraps pueden ayudar a asegurar que tus pies est\u00e9n en la posici\u00f3n \u00f3ptima, especialmente importante al aprender a foil o al pasar de viradas y trasluchadas.<\/li>\n<\/ol>\n\n<div style=\"height:100px\" aria-hidden=\"true\" class=\"wp-block-spacer\"><\/div>\n\n<div class=\"wp-block-media-text has-media-on-the-right is-stacked-on-mobile\"><div class=\"wp-block-media-text__content\">\n<h4 class=\"wp-block-heading\" id=\"h-beginner-riders-no-straps\">Riders principiantes: sin footstraps<\/h4>\n\n\n\n<p>Para los que se inician en el wingfoil, o acaban de empezar a subirse al foil, volar sin footstraps es una buena opci\u00f3n. Te permite mover los pies sobre la tabla mientras buscas el equilibrio y la posici\u00f3n \u00f3ptima. <\/p>\n\n\n\n<p>Tambi\u00e9n te permite caerte sin hacerte da\u00f1o en el tobillo, ya que los pies no est\u00e1n apretados a la tabla. <\/p>\n<\/div><figure class=\"wp-block-media-text__media\"><img decoding=\"async\" width=\"585\" height=\"585\" src=\"https:\/\/wingfoiltips.com\/wp-content\/uploads\/2023\/10\/wing-foil-straps.jpg\" alt=\"Wingfoil sin footstraps\" class=\"wp-image-8001 size-full\" srcset=\"https:\/\/wingfoiltips.com\/wp-content\/uploads\/2023\/10\/wing-foil-straps.jpg 585w, https:\/\/wingfoiltips.com\/wp-content\/uploads\/2023\/10\/wing-foil-straps-300x300.jpg 300w, https:\/\/wingfoiltips.com\/wp-content\/uploads\/2023\/10\/wing-foil-straps-150x150.jpg 150w\" sizes=\"(max-width: 585px) 100vw, 585px\" \/><\/figure><\/div>\n\n<div class=\"wp-block-media-text is-stacked-on-mobile\"><figure class=\"wp-block-media-text__media\"><img decoding=\"async\" width=\"585\" height=\"585\" src=\"https:\/\/wingfoiltips.com\/wp-content\/uploads\/2023\/10\/wing-foil-footstrap.jpg\" alt=\"Wingfoil con un footstrap\" class=\"wp-image-7992 size-full\" srcset=\"https:\/\/wingfoiltips.com\/wp-content\/uploads\/2023\/10\/wing-foil-footstrap.jpg 585w, https:\/\/wingfoiltips.com\/wp-content\/uploads\/2023\/10\/wing-foil-footstrap-300x300.jpg 300w, https:\/\/wingfoiltips.com\/wp-content\/uploads\/2023\/10\/wing-foil-footstrap-150x150.jpg 150w\" sizes=\"(max-width: 585px) 100vw, 585px\" \/><\/figure><div class=\"wp-block-media-text__content\">\n<h4 class=\"wp-block-heading\" id=\"h-riding-with-one-foot-strap\">Volar con un footstrap<\/h4>\n\n\n\n<p>Muchos riders avanzados montan dos footstraps, pero habitualmente s\u00f3lo utilizan una de ellas mientras vuelan. <\/p>\n\n\n\n<p>Ponen el pie delantero en la correa para tener m\u00e1s estabilidad y dejan el pie trasero fuera para surfear. Puedes verlo en esta foto. <\/p>\n\n\n\n<p>Utilizan los dos footstraps cuando realizan un salto.<\/p>\n<\/div><\/div>\n\n<div class=\"wp-block-media-text has-media-on-the-right is-stacked-on-mobile\"><div class=\"wp-block-media-text__content\">\n<h4 class=\"wp-block-heading\" id=\"h-intermediate-riders-and-beginners\">Riders intermedios y principiantes<\/h4>\n\n\n\n<p>Para los wingfoilers de nivel intermedio, una sola correa para el pie en la parte delantera puede ser \u00fatil para una mayor estabilidad. Te da una referencia de d\u00f3nde poner el pie delantero. <\/p>\n\n\n\n<p>Tambi\u00e9n proporciona un poco m\u00e1s de conexi\u00f3n con la tabla a la vez que tienes libertad para mover el pie trasero si es necesario. <\/p>\n<\/div><figure class=\"wp-block-media-text__media\"><img decoding=\"async\" width=\"585\" height=\"585\" src=\"https:\/\/wingfoiltips.com\/wp-content\/uploads\/2023\/10\/wing-foil-foot-strap.jpg\" alt=\"Footstraps wingfoil\" class=\"wp-image-7995 size-full\" srcset=\"https:\/\/wingfoiltips.com\/wp-content\/uploads\/2023\/10\/wing-foil-foot-strap.jpg 585w, https:\/\/wingfoiltips.com\/wp-content\/uploads\/2023\/10\/wing-foil-foot-strap-300x300.jpg 300w, https:\/\/wingfoiltips.com\/wp-content\/uploads\/2023\/10\/wing-foil-foot-strap-150x150.jpg 150w\" sizes=\"(max-width: 585px) 100vw, 585px\" \/><\/figure><\/div>\n\n<div class=\"wp-block-media-text is-stacked-on-mobile\"><figure class=\"wp-block-media-text__media\"><img decoding=\"async\" width=\"585\" height=\"585\" src=\"https:\/\/wingfoiltips.com\/wp-content\/uploads\/2023\/10\/wing-foil-foot-straps.jpg\" alt=\"wing foil\" class=\"wp-image-7999 size-full\" srcset=\"https:\/\/wingfoiltips.com\/wp-content\/uploads\/2023\/10\/wing-foil-foot-straps.jpg 585w, https:\/\/wingfoiltips.com\/wp-content\/uploads\/2023\/10\/wing-foil-foot-straps-300x300.jpg 300w, https:\/\/wingfoiltips.com\/wp-content\/uploads\/2023\/10\/wing-foil-foot-straps-150x150.jpg 150w\" sizes=\"(max-width: 585px) 100vw, 585px\" \/><\/figure><div class=\"wp-block-media-text__content\">\n<h4 class=\"wp-block-heading\" id=\"h-jumping\">Saltando<\/h4>\n\n\n\n<p>Para saltar, los dos pies en los footstraps son imprescindibles. Garantiza que la tabla est\u00e1 donde t\u00fa quieres, que aterrizar\u00e1s como deseas y que t\u00fa controlas el proceso. <\/p>\n<\/div><\/div>\n\n<div style=\"height:100px\" aria-hidden=\"true\" class=\"wp-block-spacer\"><\/div>\n\n<h3 class=\"wp-block-heading\" id=\"h-reasons-to-ride-strapless-without-foot-straps\">Razones para volar sin footstraps<\/h3>\n\n<ol class=\"wp-block-list\">\n<li><strong>Libertad y flexibilidad<\/strong>: Montar sin footstraps ofrece m\u00e1s libertad para mover los pies alrededor de la tabla. Esta flexibilidad puede ser beneficiosa, especialmente en condiciones de poco viento o al ajustar el equilibrio durante las maniobras.<\/li>\n\n\n\n<li><strong>Facilidad para satar<\/strong>: Sin footstraps, es m\u00e1s f\u00e1cil saltar r\u00e1pidamente de la tabla en caso de ca\u00edda, lo que reduce potencialmente el riesgo de lesiones.<\/li>\n\n\n\n<li><strong>Sensaci\u00f3n natural<\/strong>: Algunos wingfoilers sienten una conexi\u00f3n m\u00e1s estrecha y org\u00e1nica con la tabla y el agua cuando vuelan sin footstraps. Tambi\u00e9n puede parecerse m\u00e1s al surf tradicional.<\/li>\n\n\n\n<li><strong>Adaptabilidad a las olas<\/strong>: Para los que les gusta montar olas en su foil, montar sin footstraps puede permitir transiciones y giros m\u00e1s suaves, similares a los de la navegaci\u00f3n tradicional en olas.<\/li>\n<\/ol>\n\n<div style=\"height:100px\" aria-hidden=\"true\" class=\"wp-block-spacer\"><\/div>\n\n<h3 class=\"wp-block-heading\" id=\"h-using-windsurf-foot-straps-for-wingfoil\">Uso de footstraps de windsurf para wingfoil<\/h3>\n\n<p>Lo suyo, si quieres montar footstraps en tu tabla de wingfoil, es ponerte en contacto con el proveedor de tu tabla y comprarlos all\u00ed. De este modo, te aseguras de que la compatibilidad sea \u00f3ptima y minimizas el riesgo de da\u00f1ar tu tabla al montar los footstraps. Sin embargo, tambi\u00e9n puedes utilizar footstraps de windsurf si lo prefieres. Muchas marcas tienen tornillos y herrajes espec\u00edficos, as\u00ed que aseg\u00farate de que los que tienes en los footstraps son los que puedes usar en la tabla. Recomendamos utilizar los footstraps que recomiende el proveedor de la tabla. <\/p>\n\n<p>Tambi\u00e9n es interesante:<\/p>\n\n<ul class=\"wp-block-list\">\n<li><a href=\"https:\/\/wingfoiltips.com\/es\/material\/colocacion-de-foil-y-mastil\/\">Colocaci\u00f3n de foil y m\u00e1stil<\/a><\/li>\n\n\n\n<li><a href=\"https:\/\/wingfoiltips.com\/es\/material\/tabla-de-wingfoil-hinchable-o-rigida\/\">Tabla r\u00edgida o hinchable<\/a><\/li>\n\n\n\n<li>M\u00e1s <a href=\"https:\/\/wingfoiltips.com\/es\/material\/\">consejos sobre el material wingfoil<\/a><\/li>\n<\/ul>\n\n<div style=\"height:100px\" aria-hidden=\"true\" class=\"wp-block-spacer\"><\/div>\n","protected":false},"excerpt":{"rendered":"<p>Cuando te sumerjas en el mundo del wingfoil, una de las decisiones a las que te enfrentar\u00e1s es si utilizar o no los footstraps de wingfoil. Aunque la decisi\u00f3n es muy individual, comprender los pros y los contras puede guiarte a tomar una decisi\u00f3n informada. Los footstraps son fijaciones ajustables sujetas a la tabla de [&hellip;]<\/p>\n","protected":false},"author":1,"featured_media":0,"parent":10642,"menu_order":0,"comment_status":"closed","ping_status":"closed","template":"","meta":{"footnotes":""},"class_list":["post-10685","page","type-page","status-publish","hentry"],"yoast_head":"<!-- This site is optimized with the Yoast SEO Premium plugin v23.9 (Yoast SEO v27.6) - https:\/\/yoast.com\/product\/yoast-seo-premium-wordpress\/ -->\n<title>Gu\u00eda de footstraps Wingfoil - Wingfoiltips.com: material<\/title>\n<meta name=\"description\" content=\"Gu\u00eda footstraps Wingfoil: \u00bflos necesitas, por qu\u00e9, por qu\u00e9 no y cu\u00e1ndo? Y... \u00bfc\u00f3mo? \u00a1Consejos sobre footstraps de wingfoil!\" \/>\n<meta name=\"robots\" content=\"index, follow, max-snippet:-1, max-image-preview:large, max-video-preview:-1\" \/>\n<link rel=\"canonical\" href=\"https:\/\/wingfoiltips.com\/es\/material\/guia-de-footstraps-wingfoil\/\" \/>\n<meta property=\"og:locale\" content=\"es_ES\" \/>\n<meta property=\"og:type\" content=\"article\" \/>\n<meta property=\"og:title\" content=\"Gu\u00eda de footstraps Wingfoil\" \/>\n<meta property=\"og:description\" content=\"Gu\u00eda footstraps Wingfoil: \u00bflos necesitas, por qu\u00e9, por qu\u00e9 no y cu\u00e1ndo? Y... \u00bfc\u00f3mo? \u00a1Consejos sobre footstraps de wingfoil!\" \/>\n<meta property=\"og:url\" content=\"https:\/\/wingfoiltips.com\/es\/material\/guia-de-footstraps-wingfoil\/\" \/>\n<meta property=\"og:site_name\" content=\"Wingfoil tips\" \/>\n<meta property=\"article:modified_time\" content=\"2024-04-16T15:43:36+00:00\" \/>\n<meta property=\"og:image\" content=\"https:\/\/wingfoiltips.com\/wp-content\/uploads\/2023\/10\/wingfoil-footstraps-1024x325.jpg\" \/>\n<meta name=\"twitter:card\" content=\"summary_large_image\" \/>\n<meta name=\"twitter:label1\" content=\"Tiempo de lectura\" \/>\n\t<meta name=\"twitter:data1\" content=\"5 minutos\" \/>\n<script type=\"application\/ld+json\" class=\"yoast-schema-graph\">{\"@context\":\"https:\\\/\\\/schema.org\",\"@graph\":[{\"@type\":\"WebPage\",\"@id\":\"https:\\\/\\\/wingfoiltips.com\\\/es\\\/material\\\/guia-de-footstraps-wingfoil\\\/\",\"url\":\"https:\\\/\\\/wingfoiltips.com\\\/es\\\/material\\\/guia-de-footstraps-wingfoil\\\/\",\"name\":\"Gu\u00eda de footstraps Wingfoil - Wingfoiltips.com: material\",\"isPartOf\":{\"@id\":\"https:\\\/\\\/wingfoiltips.com\\\/nl\\\/#website\"},\"primaryImageOfPage\":{\"@id\":\"https:\\\/\\\/wingfoiltips.com\\\/es\\\/material\\\/guia-de-footstraps-wingfoil\\\/#primaryimage\"},\"image\":{\"@id\":\"https:\\\/\\\/wingfoiltips.com\\\/es\\\/material\\\/guia-de-footstraps-wingfoil\\\/#primaryimage\"},\"thumbnailUrl\":\"https:\\\/\\\/wingfoiltips.com\\\/wp-content\\\/uploads\\\/2023\\\/10\\\/wingfoil-footstraps-1024x325.jpg\",\"datePublished\":\"2023-10-09T07:37:53+00:00\",\"dateModified\":\"2024-04-16T15:43:36+00:00\",\"description\":\"Gu\u00eda footstraps Wingfoil: \u00bflos necesitas, por qu\u00e9, por qu\u00e9 no y cu\u00e1ndo? Y... \u00bfc\u00f3mo? \u00a1Consejos sobre footstraps de wingfoil!\",\"breadcrumb\":{\"@id\":\"https:\\\/\\\/wingfoiltips.com\\\/es\\\/material\\\/guia-de-footstraps-wingfoil\\\/#breadcrumb\"},\"inLanguage\":\"es\",\"potentialAction\":[{\"@type\":\"ReadAction\",\"target\":[\"https:\\\/\\\/wingfoiltips.com\\\/es\\\/material\\\/guia-de-footstraps-wingfoil\\\/\"]}]},{\"@type\":\"ImageObject\",\"inLanguage\":\"es\",\"@id\":\"https:\\\/\\\/wingfoiltips.com\\\/es\\\/material\\\/guia-de-footstraps-wingfoil\\\/#primaryimage\",\"url\":\"https:\\\/\\\/wingfoiltips.com\\\/wp-content\\\/uploads\\\/2023\\\/10\\\/wingfoil-footstraps-1024x325.jpg\",\"contentUrl\":\"https:\\\/\\\/wingfoiltips.com\\\/wp-content\\\/uploads\\\/2023\\\/10\\\/wingfoil-footstraps-1024x325.jpg\"},{\"@type\":\"BreadcrumbList\",\"@id\":\"https:\\\/\\\/wingfoiltips.com\\\/es\\\/material\\\/guia-de-footstraps-wingfoil\\\/#breadcrumb\",\"itemListElement\":[{\"@type\":\"ListItem\",\"position\":1,\"name\":\"Home\",\"item\":\"https:\\\/\\\/wingfoiltips.com\\\/es\\\/\"},{\"@type\":\"ListItem\",\"position\":2,\"name\":\"Material wingfoil\",\"item\":\"https:\\\/\\\/wingfoiltips.com\\\/es\\\/material\\\/\"},{\"@type\":\"ListItem\",\"position\":3,\"name\":\"Gu\u00eda de footstraps Wingfoil\"}]},{\"@type\":\"WebSite\",\"@id\":\"https:\\\/\\\/wingfoiltips.com\\\/nl\\\/#website\",\"url\":\"https:\\\/\\\/wingfoiltips.com\\\/nl\\\/\",\"name\":\"wingfoiltips.com\",\"description\":\"Consejos sobre wing foil a tus manos!\",\"publisher\":{\"@id\":\"https:\\\/\\\/wingfoiltips.com\\\/nl\\\/#organization\"},\"alternateName\":\"wingfoiltips\",\"potentialAction\":[{\"@type\":\"SearchAction\",\"target\":{\"@type\":\"EntryPoint\",\"urlTemplate\":\"https:\\\/\\\/wingfoiltips.com\\\/nl\\\/?s={search_term_string}\"},\"query-input\":{\"@type\":\"PropertyValueSpecification\",\"valueRequired\":true,\"valueName\":\"search_term_string\"}}],\"inLanguage\":\"es\"},{\"@type\":\"Organization\",\"@id\":\"https:\\\/\\\/wingfoiltips.com\\\/nl\\\/#organization\",\"name\":\"Wingfoiltips.com - Wingfoil tips at your fingertips\",\"alternateName\":\"wingfoiltips.com\",\"url\":\"https:\\\/\\\/wingfoiltips.com\\\/nl\\\/\",\"logo\":{\"@type\":\"ImageObject\",\"inLanguage\":\"es\",\"@id\":\"https:\\\/\\\/wingfoiltips.com\\\/nl\\\/#\\\/schema\\\/logo\\\/image\\\/\",\"url\":\"https:\\\/\\\/wingfoiltips.com\\\/wp-content\\\/uploads\\\/2023\\\/07\\\/Logo-1.jpg\",\"contentUrl\":\"https:\\\/\\\/wingfoiltips.com\\\/wp-content\\\/uploads\\\/2023\\\/07\\\/Logo-1.jpg\",\"width\":160,\"height\":160,\"caption\":\"Wingfoiltips.com - Wingfoil tips at your fingertips\"},\"image\":{\"@id\":\"https:\\\/\\\/wingfoiltips.com\\\/nl\\\/#\\\/schema\\\/logo\\\/image\\\/\"},\"sameAs\":[\"https:\\\/\\\/www.youtube.com\\\/@Wingfoiltips\"]}]}<\/script>\n<!-- \/ Yoast SEO Premium plugin. -->","yoast_head_json":{"title":"Gu\u00eda de footstraps Wingfoil - Wingfoiltips.com: material","description":"Gu\u00eda footstraps Wingfoil: \u00bflos necesitas, por qu\u00e9, por qu\u00e9 no y cu\u00e1ndo? Y... \u00bfc\u00f3mo? \u00a1Consejos sobre footstraps de wingfoil!","robots":{"index":"index","follow":"follow","max-snippet":"max-snippet:-1","max-image-preview":"max-image-preview:large","max-video-preview":"max-video-preview:-1"},"canonical":"https:\/\/wingfoiltips.com\/es\/material\/guia-de-footstraps-wingfoil\/","og_locale":"es_ES","og_type":"article","og_title":"Gu\u00eda de footstraps Wingfoil","og_description":"Gu\u00eda footstraps Wingfoil: \u00bflos necesitas, por qu\u00e9, por qu\u00e9 no y cu\u00e1ndo? Y... \u00bfc\u00f3mo? \u00a1Consejos sobre footstraps de wingfoil!","og_url":"https:\/\/wingfoiltips.com\/es\/material\/guia-de-footstraps-wingfoil\/","og_site_name":"Wingfoil tips","article_modified_time":"2024-04-16T15:43:36+00:00","og_image":[{"url":"https:\/\/wingfoiltips.com\/wp-content\/uploads\/2023\/10\/wingfoil-footstraps-1024x325.jpg","type":"","width":"","height":""}],"twitter_card":"summary_large_image","twitter_misc":{"Tiempo de lectura":"5 minutos"},"schema":{"@context":"https:\/\/schema.org","@graph":[{"@type":"WebPage","@id":"https:\/\/wingfoiltips.com\/es\/material\/guia-de-footstraps-wingfoil\/","url":"https:\/\/wingfoiltips.com\/es\/material\/guia-de-footstraps-wingfoil\/","name":"Gu\u00eda de footstraps Wingfoil - Wingfoiltips.com: material","isPartOf":{"@id":"https:\/\/wingfoiltips.com\/nl\/#website"},"primaryImageOfPage":{"@id":"https:\/\/wingfoiltips.com\/es\/material\/guia-de-footstraps-wingfoil\/#primaryimage"},"image":{"@id":"https:\/\/wingfoiltips.com\/es\/material\/guia-de-footstraps-wingfoil\/#primaryimage"},"thumbnailUrl":"https:\/\/wingfoiltips.com\/wp-content\/uploads\/2023\/10\/wingfoil-footstraps-1024x325.jpg","datePublished":"2023-10-09T07:37:53+00:00","dateModified":"2024-04-16T15:43:36+00:00","description":"Gu\u00eda footstraps Wingfoil: \u00bflos necesitas, por qu\u00e9, por qu\u00e9 no y cu\u00e1ndo? Y... \u00bfc\u00f3mo? \u00a1Consejos sobre footstraps de wingfoil!","breadcrumb":{"@id":"https:\/\/wingfoiltips.com\/es\/material\/guia-de-footstraps-wingfoil\/#breadcrumb"},"inLanguage":"es","potentialAction":[{"@type":"ReadAction","target":["https:\/\/wingfoiltips.com\/es\/material\/guia-de-footstraps-wingfoil\/"]}]},{"@type":"ImageObject","inLanguage":"es","@id":"https:\/\/wingfoiltips.com\/es\/material\/guia-de-footstraps-wingfoil\/#primaryimage","url":"https:\/\/wingfoiltips.com\/wp-content\/uploads\/2023\/10\/wingfoil-footstraps-1024x325.jpg","contentUrl":"https:\/\/wingfoiltips.com\/wp-content\/uploads\/2023\/10\/wingfoil-footstraps-1024x325.jpg"},{"@type":"BreadcrumbList","@id":"https:\/\/wingfoiltips.com\/es\/material\/guia-de-footstraps-wingfoil\/#breadcrumb","itemListElement":[{"@type":"ListItem","position":1,"name":"Home","item":"https:\/\/wingfoiltips.com\/es\/"},{"@type":"ListItem","position":2,"name":"Material wingfoil","item":"https:\/\/wingfoiltips.com\/es\/material\/"},{"@type":"ListItem","position":3,"name":"Gu\u00eda de footstraps Wingfoil"}]},{"@type":"WebSite","@id":"https:\/\/wingfoiltips.com\/nl\/#website","url":"https:\/\/wingfoiltips.com\/nl\/","name":"wingfoiltips.com","description":"Consejos sobre wing foil a tus manos!","publisher":{"@id":"https:\/\/wingfoiltips.com\/nl\/#organization"},"alternateName":"wingfoiltips","potentialAction":[{"@type":"SearchAction","target":{"@type":"EntryPoint","urlTemplate":"https:\/\/wingfoiltips.com\/nl\/?s={search_term_string}"},"query-input":{"@type":"PropertyValueSpecification","valueRequired":true,"valueName":"search_term_string"}}],"inLanguage":"es"},{"@type":"Organization","@id":"https:\/\/wingfoiltips.com\/nl\/#organization","name":"Wingfoiltips.com - Wingfoil tips at your fingertips","alternateName":"wingfoiltips.com","url":"https:\/\/wingfoiltips.com\/nl\/","logo":{"@type":"ImageObject","inLanguage":"es","@id":"https:\/\/wingfoiltips.com\/nl\/#\/schema\/logo\/image\/","url":"https:\/\/wingfoiltips.com\/wp-content\/uploads\/2023\/07\/Logo-1.jpg","contentUrl":"https:\/\/wingfoiltips.com\/wp-content\/uploads\/2023\/07\/Logo-1.jpg","width":160,"height":160,"caption":"Wingfoiltips.com - Wingfoil tips at your fingertips"},"image":{"@id":"https:\/\/wingfoiltips.com\/nl\/#\/schema\/logo\/image\/"},"sameAs":["https:\/\/www.youtube.com\/@Wingfoiltips"]}]}},"_links":{"self":[{"href":"https:\/\/wingfoiltips.com\/es\/wp-json\/wp\/v2\/pages\/10685","targetHints":{"allow":["GET"]}}],"collection":[{"href":"https:\/\/wingfoiltips.com\/es\/wp-json\/wp\/v2\/pages"}],"about":[{"href":"https:\/\/wingfoiltips.com\/es\/wp-json\/wp\/v2\/types\/page"}],"author":[{"embeddable":true,"href":"https:\/\/wingfoiltips.com\/es\/wp-json\/wp\/v2\/users\/1"}],"replies":[{"embeddable":true,"href":"https:\/\/wingfoiltips.com\/es\/wp-json\/wp\/v2\/comments?post=10685"}],"version-history":[{"count":0,"href":"https:\/\/wingfoiltips.com\/es\/wp-json\/wp\/v2\/pages\/10685\/revisions"}],"up":[{"embeddable":true,"href":"https:\/\/wingfoiltips.com\/es\/wp-json\/wp\/v2\/pages\/10642"}],"wp:attachment":[{"href":"https:\/\/wingfoiltips.com\/es\/wp-json\/wp\/v2\/media?parent=10685"}],"curies":[{"name":"wp","href":"https:\/\/api.w.org\/{rel}","templated":true}]}}